{"id":19,"date":"2026-01-05T14:01:43","date_gmt":"2026-01-05T13:01:43","guid":{"rendered":"https:\/\/blackmore-gestalttherapie.de\/?page_id=19"},"modified":"2026-01-21T16:57:38","modified_gmt":"2026-01-21T15:57:38","slug":"startseite","status":"publish","type":"page","link":"https:\/\/blackmore-gestalttherapie.de\/en\/","title":{"rendered":"Home"},"content":{"rendered":"<p>[et_pb_section fb_built=&#8220;1&#8243; custom_padding_last_edited=&#8220;on|tablet&#8220; _builder_version=&#8220;4.27.5&#8243; _module_preset=&#8220;default&#8220; custom_padding=&#8220;41px||0px|||&#8220; custom_padding_tablet=&#8220;0px||||false|false&#8220; custom_padding_phone=&#8220;0px||||false|false&#8220; global_colors_info=&#8220;{}&#8220;][et_pb_row column_structure=&#8220;3_5,2_5&#8243; custom_padding_last_edited=&#8220;on|tablet&#8220; _builder_version=&#8220;4.27.5&#8243; _module_preset=&#8220;default&#8220; width_tablet=&#8220;&#8220; width_phone=&#8220;90%&#8220; width_last_edited=&#8220;on|phone&#8220; custom_margin=&#8220;-4px|auto||auto||&#8220; custom_margin_tablet=&#8220;-4px|auto||auto||&#8220; custom_margin_phone=&#8220;-19px||||false|false&#8220; custom_margin_last_edited=&#8220;on|phone&#8220; custom_padding=&#8220;||1px|||&#8220; custom_padding_tablet=&#8220;0px||1px||false|false&#8220; custom_padding_phone=&#8220;0px||1px||false|false&#8220; global_colors_info=&#8220;{}&#8220; custom_css_main_element_last_edited=&#8220;on|tablet&#8220; custom_css_main_element_tablet=&#8220;display:flex;&#8220; custom_css_main_element_phone=&#8220;display:block;&#8220;][et_pb_column type=&#8220;3_5&#8243; _builder_version=&#8220;4.27.5&#8243; _module_preset=&#8220;default&#8220; global_colors_info=&#8220;{}&#8220;][et_pb_text _builder_version=&#8220;4.27.5&#8243; _module_preset=&#8220;default&#8220; header_font=&#8220;Mukta Malar||||||||&#8220; header_text_color=&#8220;#415E70&#8243; header_font_size=&#8220;21px&#8220; header_letter_spacing=&#8220;2px&#8220; custom_margin=&#8220;33px||18px|||&#8220; custom_margin_tablet=&#8220;33px||0px||false|false&#8220; custom_margin_phone=&#8220;33px||0px||false|false&#8220; custom_margin_last_edited=&#8220;on|tablet&#8220; global_colors_info=&#8220;{}&#8220;]<\/p>\n<h1>BLACKMORE GESTALT THERAPY<\/h1>\n<p>[\/et_pb_text][et_pb_text _builder_version=&#8220;4.27.5&#8243; _module_preset=&#8220;default&#8220; header_font_size=&#8220;41px&#8220; header_line_height=&#8220;1.2em&#8220; header_2_font_size=&#8220;48px&#8220; header_2_line_height=&#8220;1.1em&#8220; custom_padding=&#8220;|152px||||&#8220; custom_padding_tablet=&#8220;|0px|||false|false&#8220; custom_padding_phone=&#8220;|0px|||false|false&#8220; custom_padding_last_edited=&#8220;on|phone&#8220; header_2_font_size_tablet=&#8220;34px&#8220; header_2_font_size_phone=&#8220;40px&#8220; header_2_font_size_last_edited=&#8220;on|phone&#8220; global_colors_info=&#8220;{}&#8220;]<\/p>\n<h2>Gestalt Therapy \u2013 Arriving in the Here and Now<\/h2>\n<p>[\/et_pb_text][et_pb_button button_url=&#8220;@ET-DC@eyJkeW5hbWljIjp0cnVlLCJjb250ZW50IjoicG9zdF9saW5rX3VybF9wYWdlIiwic2V0dGluZ3MiOnsicG9zdF9pZCI6IjEzNCJ9fQ==@&#8220; button_text=&#8220;KOntaktieren Sie mich&#8220; _builder_version=&#8220;4.27.5&#8243; _dynamic_attributes=&#8220;button_url&#8220; _module_preset=&#8220;d2f1e6e3-e846-4edf-a2e5-c39653f26af7&#8243; button_text_size_tablet=&#8220;17px&#8220; button_text_size_phone=&#8220;17px&#8220; button_text_size_last_edited=&#8220;on|tablet&#8220; global_colors_info=&#8220;{}&#8220;][\/et_pb_button][\/et_pb_column][et_pb_column type=&#8220;2_5&#8243; _builder_version=&#8220;4.27.5&#8243; _module_preset=&#8220;default&#8220; global_colors_info=&#8220;{}&#8220;][et_pb_image src=&#8220;https:\/\/blackmore-gestalttherapie.de\/wp-content\/uploads\/2026\/01\/Sabine-Blackmore-Gestalttherapie-1-scaled.jpeg&#8220; title_text=&#8220;Sabine Blackmore Gestalttherapie&#8220; _builder_version=&#8220;4.27.5&#8243; _module_preset=&#8220;default&#8220; width_tablet=&#8220;81%&#8220; width_phone=&#8220;100%&#8220; width_last_edited=&#8220;on|tablet&#8220; custom_margin=&#8220;-18px|||||&#8220; custom_margin_tablet=&#8220;0px||||false|false&#8220; custom_margin_phone=&#8220;0px||27px||false|false&#8220; custom_margin_last_edited=&#8220;on|tablet&#8220; module_alignment_tablet=&#8220;center&#8220; module_alignment_phone=&#8220;center&#8220; module_alignment_last_edited=&#8220;on|tablet&#8220; border_radii=&#8220;on|29px|29px|29px|29px&#8220; global_colors_info=&#8220;{}&#8220;][\/et_pb_image][\/et_pb_column][\/et_pb_row][\/et_pb_section][et_pb_section fb_built=&#8220;1&#8243; _builder_version=&#8220;4.27.5&#8243; _module_preset=&#8220;default&#8220; background_color=&#8220;#415E70&#8243; custom_margin=&#8220;-24px|||||&#8220; custom_padding=&#8220;23px|||||&#8220; top_divider_style=&#8220;wave&#8220; top_divider_color=&#8220;#EAEFF2&#8243; global_colors_info=&#8220;{}&#8220;][et_pb_row _builder_version=&#8220;4.27.5&#8243; _module_preset=&#8220;default&#8220; custom_margin=&#8220;46px|auto||auto||&#8220; custom_padding=&#8220;64px|||||&#8220; global_colors_info=&#8220;{}&#8220;][et_pb_column type=&#8220;4_4&#8243; _builder_version=&#8220;4.27.5&#8243; _module_preset=&#8220;default&#8220; global_colors_info=&#8220;{}&#8220;][et_pb_image src=&#8220;https:\/\/blackmore-gestalttherapie.de\/wp-content\/uploads\/2026\/01\/10.png&#8220; title_text=&#8220;10&#8243; align=&#8220;center&#8220; _builder_version=&#8220;4.27.5&#8243; _module_preset=&#8220;default&#8220; width=&#8220;11%&#8220; width_tablet=&#8220;14%&#8220; width_phone=&#8220;22%&#8220; width_last_edited=&#8220;on|tablet&#8220; global_colors_info=&#8220;{}&#8220;][\/et_pb_image][et_pb_text _builder_version=&#8220;4.27.5&#8243; _module_preset=&#8220;d1925f7a-6904-421b-b547-377ce3887a67&#8243; header_2_font_size_tablet=&#8220;35px&#8220; header_2_font_size_phone=&#8220;35px&#8220; header_2_font_size_last_edited=&#8220;on|tablet&#8220; global_colors_info=&#8220;{}&#8220;]<\/p>\n<h2 style=\"text-align: center;\">Perhaps you recognise this situation\u2026<\/h2>\n<p>[\/et_pb_text][\/et_pb_column][\/et_pb_row][et_pb_row column_structure=&#8220;1_4,1_4,1_4,1_4&#8243; use_custom_gutter=&#8220;on&#8220; gutter_width=&#8220;2&#8243; make_equal=&#8220;on&#8220; _builder_version=&#8220;4.27.5&#8243; _module_preset=&#8220;default&#8220; width=&#8220;81%&#8220; width_tablet=&#8220;81%&#8220; width_phone=&#8220;90%&#8220; width_last_edited=&#8220;on|phone&#8220; max_width=&#8220;1521px&#8220; border_radii=&#8220;on|16px|16px|16px|16px&#8220; global_colors_info=&#8220;{}&#8220;][et_pb_column type=&#8220;1_4&#8243; _builder_version=&#8220;4.27.5&#8243; _module_preset=&#8220;default&#8220; background_color=&#8220;#EAEFF2&#8243; custom_padding=&#8220;3%|2%|3%|2%|true|true&#8220; custom_padding_tablet=&#8220;4%|4%|4%|4%|true|true&#8220; custom_padding_phone=&#8220;6%|6%|6%|6%|true|true&#8220; custom_padding_last_edited=&#8220;on|tablet&#8220; animation_style=&#8220;fade&#8220; animation_duration=&#8220;3000ms&#8220; border_radii=&#8220;on|15px|15px|15px|15px&#8220; global_colors_info=&#8220;{}&#8220;][et_pb_blurb title=&#8220;Eigentlich ist alles \u201ein Ordnung\u201c \u2013 und trotzdem f\u00fchlt es sich nicht gut an.&#8220; image=&#8220;https:\/\/blackmore-gestalttherapie.de\/wp-content\/uploads\/2026\/01\/6.png&#8220; image_icon_width=&#8220;21%&#8220; icon_alignment=&#8220;left&#8220; content_max_width=&#8220;843px&#8220; content_max_width_tablet=&#8220;590px&#8220; content_max_width_phone=&#8220;301px&#8220; content_max_width_last_edited=&#8220;on|tablet&#8220; _builder_version=&#8220;4.27.5&#8243; _module_preset=&#8220;default&#8220; header_level=&#8220;h3&#8243; header_font_size=&#8220;27px&#8220; header_line_height=&#8220;1.1em&#8220; global_colors_info=&#8220;{}&#8220;]<\/p>\n<p>You function in everyday life, get things done, take on responsibilities. From the outside, everything appears stable. And at the same time, there is this sense of emptiness, restlessness or inner distance. As if you are not quite present \u2013 or no longer truly connected to yourself.<\/p>\n<p>[\/et_pb_blurb][\/et_pb_column][et_pb_column type=&#8220;1_4&#8243; _builder_version=&#8220;4.27.5&#8243; _module_preset=&#8220;default&#8220; background_color=&#8220;#EAEFF2&#8243; custom_padding=&#8220;3%|2%|3%|2%|true|true&#8220; custom_padding_tablet=&#8220;4%|4%|4%|4%|true|true&#8220; custom_padding_phone=&#8220;6%|6%|6%|6%|true|true&#8220; custom_padding_last_edited=&#8220;on|tablet&#8220; animation_style=&#8220;fade&#8220; animation_duration=&#8220;3000ms&#8220; border_radii=&#8220;on|15px|15px|15px|15px&#8220; global_colors_info=&#8220;{}&#8220;][et_pb_blurb title=&#8220;Sie stecken in einem \u00dcbergang fest.&#8220; image=&#8220;https:\/\/blackmore-gestalttherapie.de\/wp-content\/uploads\/2026\/01\/6.png&#8220; image_icon_width=&#8220;21%&#8220; icon_alignment=&#8220;left&#8220; content_max_width=&#8220;843px&#8220; content_max_width_tablet=&#8220;590px&#8220; content_max_width_phone=&#8220;301px&#8220; content_max_width_last_edited=&#8220;on|tablet&#8220; _builder_version=&#8220;4.27.5&#8243; _module_preset=&#8220;default&#8220; header_level=&#8220;h3&#8243; header_font_size=&#8220;27px&#8220; header_line_height=&#8220;1.1em&#8220; global_colors_info=&#8220;{}&#8220;]<\/p>\n<p>A separation, a professional change, an important decision is coming up \u2013 or has already been made. On a rational level, you know why this step makes sense, and yet fear, doubt or grief are mixed in. What is old and familiar no longer feels right; what is new is not yet tangible.<\/p>\n<p>[\/et_pb_blurb][\/et_pb_column][et_pb_column type=&#8220;1_4&#8243; _builder_version=&#8220;4.27.5&#8243; _module_preset=&#8220;default&#8220; background_color=&#8220;#EAEFF2&#8243; custom_padding=&#8220;3%|2%|3%|2%|true|true&#8220; custom_padding_tablet=&#8220;4%|4%|4%|4%|true|true&#8220; custom_padding_phone=&#8220;6%|6%|6%|6%|true|true&#8220; custom_padding_last_edited=&#8220;on|tablet&#8220; animation_style=&#8220;fade&#8220; animation_duration=&#8220;3000ms&#8220; border_radii=&#8220;on|15px|15px|15px|15px&#8220; global_colors_info=&#8220;{}&#8220;][et_pb_blurb title=&#8220;Sie geraten in Beziehungen immer wieder an \u00e4hnliche Grenzen.&#8220; image=&#8220;https:\/\/blackmore-gestalttherapie.de\/wp-content\/uploads\/2026\/01\/6.png&#8220; image_icon_width=&#8220;21%&#8220; icon_alignment=&#8220;left&#8220; content_max_width=&#8220;843px&#8220; content_max_width_tablet=&#8220;590px&#8220; content_max_width_phone=&#8220;301px&#8220; content_max_width_last_edited=&#8220;on|tablet&#8220; _builder_version=&#8220;4.27.5&#8243; _module_preset=&#8220;default&#8220; header_level=&#8220;h3&#8243; header_font_size=&#8220;27px&#8220; header_line_height=&#8220;1.1em&#8220; global_colors_info=&#8220;{}&#8220;]<\/p>\n<p>You adapt, endure, explain a lot \u2013 and at some point realise that there is hardly any space left for your own needs. Setting boundaries feels difficult; feelings of guilt arise quickly. And yet, inwardly, a desire for greater clarity and self-respect grows.<\/p>\n<p>[\/et_pb_blurb][\/et_pb_column][et_pb_column type=&#8220;1_4&#8243; _builder_version=&#8220;4.27.5&#8243; _module_preset=&#8220;default&#8220; background_color=&#8220;#EAEFF2&#8243; custom_padding=&#8220;3%|2%|3%|2%|true|true&#8220; custom_padding_tablet=&#8220;4%|4%|4%|4%|true|true&#8220; custom_padding_phone=&#8220;6%|6%|6%|6%|true|true&#8220; custom_padding_last_edited=&#8220;on|tablet&#8220; animation_style=&#8220;fade&#8220; animation_duration=&#8220;3000ms&#8220; border_radii=&#8220;on|15px|15px|15px|15px&#8220; global_colors_info=&#8220;{}&#8220;][et_pb_blurb title=&#8220;Sie reagieren st\u00e4rker, als Sie es selbst nachvollziehen k\u00f6nnen.&#8220; image=&#8220;https:\/\/blackmore-gestalttherapie.de\/wp-content\/uploads\/2026\/01\/6.png&#8220; image_icon_width=&#8220;21%&#8220; icon_alignment=&#8220;left&#8220; content_max_width=&#8220;843px&#8220; content_max_width_tablet=&#8220;590px&#8220; content_max_width_phone=&#8220;301px&#8220; content_max_width_last_edited=&#8220;on|tablet&#8220; _builder_version=&#8220;4.27.5&#8243; _module_preset=&#8220;default&#8220; header_level=&#8220;h3&#8243; header_font_size=&#8220;27px&#8220; header_line_height=&#8220;1.1em&#8220; global_colors_info=&#8220;{}&#8220;]<\/p>\n<p>A situation in the here and now triggers anger, withdrawal or a sense of powerlessness that feels \u201ctoo much\u201d. Afterwards, you wonder why you reacted in that way. As if something from the past had taken over \u2013 even though you would actually like to act differently.<\/p>\n<p>[\/et_pb_blurb][\/et_pb_column][\/et_pb_row][\/et_pb_section][et_pb_section fb_built=&#8220;1&#8243; prev_background_color=&#8220;#415E70&#8243; _builder_version=&#8220;4.27.5&#8243; _module_preset=&#8220;default&#8220; background_image=&#8220;https:\/\/blackmore-gestalttherapie.de\/wp-content\/uploads\/2026\/01\/Gestalttherapie-Berlin-scaled.jpeg&#8220; custom_padding=&#8220;271px||307px|||&#8220; top_divider_style=&#8220;wave&#8220; background_last_edited=&#8220;on|phone&#8220; background_position_phone=&#8220;top_right&#8220; background_horizontal_offset_phone=&#8220;27%&#8220; global_colors_info=&#8220;{}&#8220;][et_pb_row custom_padding_last_edited=&#8220;on|phone&#8220; _builder_version=&#8220;4.27.5&#8243; _module_preset=&#8220;default&#8220; background_color=&#8220;rgba(234,239,242,0.87)&#8220; transform_scale_tablet=&#8220;&#8220; transform_scale_phone=&#8220;&#8220; transform_scale_last_edited=&#8220;on|phone&#8220; transform_translate=&#8220;-111px|0px&#8220; transform_translate_tablet=&#8220;-43px|0px&#8220; transform_translate_phone=&#8220;-4px|0px&#8220; transform_translate_last_edited=&#8220;on|phone&#8220; transform_translate_linked=&#8220;off&#8220; transform_rotate_tablet=&#8220;&#8220; transform_rotate_phone=&#8220;&#8220; transform_rotate_last_edited=&#8220;on|phone&#8220; transform_skew_tablet=&#8220;&#8220; transform_skew_phone=&#8220;&#8220; transform_skew_last_edited=&#8220;on|phone&#8220; transform_origin_tablet=&#8220;&#8220; transform_origin_phone=&#8220;&#8220; transform_origin_last_edited=&#8220;on|phone&#8220; transform_styles_last_edited=&#8220;on|phone&#8220; width=&#8220;36%&#8220; width_tablet=&#8220;78%&#8220; width_phone=&#8220;90%&#8220; width_last_edited=&#8220;on|desktop&#8220; custom_padding=&#8220;3.7%|2.7%|3.7%|2.7%|true|true&#8220; custom_padding_tablet=&#8220;5%|4.8%|5%|4.8%|true|true&#8220; custom_padding_phone=&#8220;14%|6%|10%|6%|false|true&#8220; animation_style=&#8220;fade&#8220; animation_duration=&#8220;3000ms&#8220; transform_styles_tablet=&#8220;&#8220; transform_styles_phone=&#8220;&#8220; border_radii=&#8220;on|32px|32px|32px|32px&#8220; global_colors_info=&#8220;{}&#8220; width__hover_enabled=&#8220;off|desktop&#8220;][et_pb_column type=&#8220;4_4&#8243; _builder_version=&#8220;4.27.5&#8243; _module_preset=&#8220;default&#8220; global_colors_info=&#8220;{}&#8220;][et_pb_text _builder_version=&#8220;4.27.5&#8243; _module_preset=&#8220;d1925f7a-6904-421b-b547-377ce3887a67&#8243; header_2_text_color=&#8220;#2C414D&#8220; header_2_font_size_tablet=&#8220;35px&#8220; header_2_font_size_phone=&#8220;35px&#8220; header_2_font_size_last_edited=&#8220;on|tablet&#8220; global_colors_info=&#8220;{}&#8220;]<\/p>\n<h2><span>Gestalt therapy \u2013<br \/>a space in the here and now<\/span><\/h2>\n<p>[\/et_pb_text][et_pb_text _builder_version=&#8220;4.27.5&#8243; _module_preset=&#8220;default&#8220; custom_margin=&#8220;|80px||||&#8220; custom_margin_tablet=&#8220;|80px||||&#8220; custom_margin_phone=&#8220;|0px|||false|false&#8220; custom_margin_last_edited=&#8220;on|phone&#8220; global_colors_info=&#8220;{}&#8220;]<\/p>\n<p>Perhaps you find yourself in a completely different situation and notice that \u201cmore space\u201d for your thoughts and feelings could help you deal with your current life circumstances. Gestalt therapy offers this respectful, appreciative space to consciously perceive your own experience in the here and now \u2013 and, in this way, to enter an inner process of change.<\/p>\n<p>[\/et_pb_text][et_pb_button button_url=&#8220;@ET-DC@eyJkeW5hbWljIjp0cnVlLCJjb250ZW50IjoicG9zdF9saW5rX3VybF9wYWdlIiwic2V0dGluZ3MiOnsicG9zdF9pZCI6IjgwIn19@&#8220; button_text=&#8220;Erfahren Sie mehr \u00fcber mein Angebot&#8220; _builder_version=&#8220;4.27.5&#8243; _dynamic_attributes=&#8220;button_url&#8220; _module_preset=&#8220;default&#8220; custom_button=&#8220;on&#8220; button_text_color=&#8220;#EAEFF2&#8243; button_bg_color=&#8220;#EF7967&#8243; button_border_color=&#8220;#EF7967&#8243; button_border_radius=&#8220;12px&#8220; button_font=&#8220;Merriweather|||on|||||&#8220; button_use_icon=&#8220;off&#8220; custom_margin=&#8220;69px|||||&#8220; global_colors_info=&#8220;{}&#8220;][\/et_pb_button][\/et_pb_column][\/et_pb_row][\/et_pb_section]<\/p>","protected":false},"excerpt":{"rendered":"<p>BLACKMORE GESTALTTHERAPIEGestalttherapie \u2013 Ankommen im Hier und JetztVielleicht kennen Sie diese Situation&#8230;Sie funktionieren im Alltag, erledigen, was zu tun ist, \u00fcbernehmen Verantwortung. Nach au\u00dfen wirkt alles stabil. Und gleichzeitig haben Sie dieses Gef\u00fchl von Leere, Unruhe oder innerer Distanz. Als w\u00e4ren Sie nicht ganz da \u2013 oder nicht mehr richtig verbunden mit sich selbst.Eine Trennung, [&hellip;]<\/p>","protected":false},"author":1,"featured_media":251,"parent":0,"menu_order":0,"comment_status":"closed","ping_status":"closed","template":"","meta":{"_et_pb_use_builder":"on","_et_pb_old_content":"","_et_gb_content_width":"","footnotes":""},"class_list":["post-19","page","type-page","status-publish","has-post-thumbnail","hentry"],"yoast_head":"<!-- This site is optimized with the Yoast SEO plugin v26.8 - https:\/\/yoast.com\/product\/yoast-seo-wordpress\/ -->\n<title>Blackmore Gestalttherapie<\/title>\n<meta name=\"description\" content=\"Blackmore Gestalttherapie I Ein Raum im Hier und jetzt I in Berlin und online I Kontaktieren Sie mich\" \/>\n<meta name=\"robots\" content=\"index, follow, max-snippet:-1, max-image-preview:large, max-video-preview:-1\" \/>\n<link rel=\"canonical\" href=\"https:\/\/blackmore-gestalttherapie.de\/en\/\" \/>\n<meta property=\"og:locale\" content=\"en_GB\" \/>\n<meta property=\"og:type\" content=\"article\" \/>\n<meta property=\"og:title\" content=\"Blackmore Gestalttherapie\" \/>\n<meta property=\"og:description\" content=\"Blackmore Gestalttherapie I Ein Raum im Hier und jetzt I in Berlin und online I Kontaktieren Sie mich\" \/>\n<meta property=\"og:url\" content=\"https:\/\/blackmore-gestalttherapie.de\/en\/\" \/>\n<meta property=\"og:site_name\" content=\"blackmore-gestalttherapie.de\" \/>\n<meta property=\"article:modified_time\" content=\"2026-01-21T15:57:38+00:00\" \/>\n<meta property=\"og:image\" content=\"https:\/\/blackmore-gestalttherapie.de\/wp-content\/uploads\/2026\/01\/Sabine-Blackmore-Gestalttherapie-1-scaled.jpeg\" \/>\n\t<meta property=\"og:image:width\" content=\"1707\" \/>\n\t<meta property=\"og:image:height\" content=\"2560\" \/>\n\t<meta property=\"og:image:type\" content=\"image\/jpeg\" \/>\n<meta name=\"twitter:card\" content=\"summary_large_image\" \/>\n<meta name=\"twitter:label1\" content=\"Estimated reading time\" \/>\n\t<meta name=\"twitter:data1\" content=\"3 minutes\" \/>\n<script type=\"application\/ld+json\" class=\"yoast-schema-graph\">{\"@context\":\"https:\/\/schema.org\",\"@graph\":[{\"@type\":\"WebPage\",\"@id\":\"https:\/\/blackmore-gestalttherapie.de\/\",\"url\":\"https:\/\/blackmore-gestalttherapie.de\/\",\"name\":\"Blackmore Gestalttherapie\",\"isPartOf\":{\"@id\":\"https:\/\/blackmore-gestalttherapie.de\/#website\"},\"primaryImageOfPage\":{\"@id\":\"https:\/\/blackmore-gestalttherapie.de\/#primaryimage\"},\"image\":{\"@id\":\"https:\/\/blackmore-gestalttherapie.de\/#primaryimage\"},\"thumbnailUrl\":\"https:\/\/blackmore-gestalttherapie.de\/wp-content\/uploads\/2026\/01\/Sabine-Blackmore-Gestalttherapie-1-scaled.jpeg\",\"datePublished\":\"2026-01-05T13:01:43+00:00\",\"dateModified\":\"2026-01-21T15:57:38+00:00\",\"description\":\"Blackmore Gestalttherapie I Ein Raum im Hier und jetzt I in Berlin und online I Kontaktieren Sie mich\",\"breadcrumb\":{\"@id\":\"https:\/\/blackmore-gestalttherapie.de\/#breadcrumb\"},\"inLanguage\":\"en-GB\",\"potentialAction\":[{\"@type\":\"ReadAction\",\"target\":[\"https:\/\/blackmore-gestalttherapie.de\/\"]}]},{\"@type\":\"ImageObject\",\"inLanguage\":\"en-GB\",\"@id\":\"https:\/\/blackmore-gestalttherapie.de\/#primaryimage\",\"url\":\"https:\/\/blackmore-gestalttherapie.de\/wp-content\/uploads\/2026\/01\/Sabine-Blackmore-Gestalttherapie-1-scaled.jpeg\",\"contentUrl\":\"https:\/\/blackmore-gestalttherapie.de\/wp-content\/uploads\/2026\/01\/Sabine-Blackmore-Gestalttherapie-1-scaled.jpeg\",\"width\":1707,\"height\":2560},{\"@type\":\"BreadcrumbList\",\"@id\":\"https:\/\/blackmore-gestalttherapie.de\/#breadcrumb\",\"itemListElement\":[{\"@type\":\"ListItem\",\"position\":1,\"name\":\"Start\",\"item\":\"https:\/\/blackmore-gestalttherapie.de\/\"},{\"@type\":\"ListItem\",\"position\":2,\"name\":\"Startseite\"}]},{\"@type\":\"WebSite\",\"@id\":\"https:\/\/blackmore-gestalttherapie.de\/#website\",\"url\":\"https:\/\/blackmore-gestalttherapie.de\/\",\"name\":\"blackmore-gestalttherapie.de\",\"description\":\"\",\"potentialAction\":[{\"@type\":\"SearchAction\",\"target\":{\"@type\":\"EntryPoint\",\"urlTemplate\":\"https:\/\/blackmore-gestalttherapie.de\/?s={search_term_string}\"},\"query-input\":{\"@type\":\"PropertyValueSpecification\",\"valueRequired\":true,\"valueName\":\"search_term_string\"}}],\"inLanguage\":\"en-GB\"}]}<\/script>\n<!-- \/ Yoast SEO plugin. -->","yoast_head_json":{"title":"Blackmore Gestalttherapie","description":"Blackmore Gestalttherapie I Ein Raum im Hier und jetzt I in Berlin und online I Kontaktieren Sie mich","robots":{"index":"index","follow":"follow","max-snippet":"max-snippet:-1","max-image-preview":"max-image-preview:large","max-video-preview":"max-video-preview:-1"},"canonical":"https:\/\/blackmore-gestalttherapie.de\/en\/","og_locale":"en_GB","og_type":"article","og_title":"Blackmore Gestalttherapie","og_description":"Blackmore Gestalttherapie I Ein Raum im Hier und jetzt I in Berlin und online I Kontaktieren Sie mich","og_url":"https:\/\/blackmore-gestalttherapie.de\/en\/","og_site_name":"blackmore-gestalttherapie.de","article_modified_time":"2026-01-21T15:57:38+00:00","og_image":[{"width":1707,"height":2560,"url":"https:\/\/blackmore-gestalttherapie.de\/wp-content\/uploads\/2026\/01\/Sabine-Blackmore-Gestalttherapie-1-scaled.jpeg","type":"image\/jpeg"}],"twitter_card":"summary_large_image","twitter_misc":{"Estimated reading time":"3 minutes"},"schema":{"@context":"https:\/\/schema.org","@graph":[{"@type":"WebPage","@id":"https:\/\/blackmore-gestalttherapie.de\/","url":"https:\/\/blackmore-gestalttherapie.de\/","name":"Blackmore Gestalttherapie","isPartOf":{"@id":"https:\/\/blackmore-gestalttherapie.de\/#website"},"primaryImageOfPage":{"@id":"https:\/\/blackmore-gestalttherapie.de\/#primaryimage"},"image":{"@id":"https:\/\/blackmore-gestalttherapie.de\/#primaryimage"},"thumbnailUrl":"https:\/\/blackmore-gestalttherapie.de\/wp-content\/uploads\/2026\/01\/Sabine-Blackmore-Gestalttherapie-1-scaled.jpeg","datePublished":"2026-01-05T13:01:43+00:00","dateModified":"2026-01-21T15:57:38+00:00","description":"Blackmore Gestalttherapie I Ein Raum im Hier und jetzt I in Berlin und online I Kontaktieren Sie mich","breadcrumb":{"@id":"https:\/\/blackmore-gestalttherapie.de\/#breadcrumb"},"inLanguage":"en-GB","potentialAction":[{"@type":"ReadAction","target":["https:\/\/blackmore-gestalttherapie.de\/"]}]},{"@type":"ImageObject","inLanguage":"en-GB","@id":"https:\/\/blackmore-gestalttherapie.de\/#primaryimage","url":"https:\/\/blackmore-gestalttherapie.de\/wp-content\/uploads\/2026\/01\/Sabine-Blackmore-Gestalttherapie-1-scaled.jpeg","contentUrl":"https:\/\/blackmore-gestalttherapie.de\/wp-content\/uploads\/2026\/01\/Sabine-Blackmore-Gestalttherapie-1-scaled.jpeg","width":1707,"height":2560},{"@type":"BreadcrumbList","@id":"https:\/\/blackmore-gestalttherapie.de\/#breadcrumb","itemListElement":[{"@type":"ListItem","position":1,"name":"Start","item":"https:\/\/blackmore-gestalttherapie.de\/"},{"@type":"ListItem","position":2,"name":"Startseite"}]},{"@type":"WebSite","@id":"https:\/\/blackmore-gestalttherapie.de\/#website","url":"https:\/\/blackmore-gestalttherapie.de\/","name":"blackmore-gestalttherapie.de","description":"","potentialAction":[{"@type":"SearchAction","target":{"@type":"EntryPoint","urlTemplate":"https:\/\/blackmore-gestalttherapie.de\/?s={search_term_string}"},"query-input":{"@type":"PropertyValueSpecification","valueRequired":true,"valueName":"search_term_string"}}],"inLanguage":"en-GB"}]}},"_links":{"self":[{"href":"https:\/\/blackmore-gestalttherapie.de\/en\/wp-json\/wp\/v2\/pages\/19","targetHints":{"allow":["GET"]}}],"collection":[{"href":"https:\/\/blackmore-gestalttherapie.de\/en\/wp-json\/wp\/v2\/pages"}],"about":[{"href":"https:\/\/blackmore-gestalttherapie.de\/en\/wp-json\/wp\/v2\/types\/page"}],"author":[{"embeddable":true,"href":"https:\/\/blackmore-gestalttherapie.de\/en\/wp-json\/wp\/v2\/users\/1"}],"replies":[{"embeddable":true,"href":"https:\/\/blackmore-gestalttherapie.de\/en\/wp-json\/wp\/v2\/comments?post=19"}],"version-history":[{"count":9,"href":"https:\/\/blackmore-gestalttherapie.de\/en\/wp-json\/wp\/v2\/pages\/19\/revisions"}],"predecessor-version":[{"id":377,"href":"https:\/\/blackmore-gestalttherapie.de\/en\/wp-json\/wp\/v2\/pages\/19\/revisions\/377"}],"wp:featuredmedia":[{"embeddable":true,"href":"https:\/\/blackmore-gestalttherapie.de\/en\/wp-json\/wp\/v2\/media\/251"}],"wp:attachment":[{"href":"https:\/\/blackmore-gestalttherapie.de\/en\/wp-json\/wp\/v2\/media?parent=19"}],"curies":[{"name":"wp","href":"https:\/\/api.w.org\/{rel}","templated":true}]}}